{"id":733,"date":"2024-07-11T17:13:38","date_gmt":"2024-07-11T20:13:38","guid":{"rendered":"https:\/\/www.rioverde.go.gov.br\/secult\/?page_id=733"},"modified":"2024-07-16T14:58:11","modified_gmt":"2024-07-16T17:58:11","slug":"lei-paulo-gustavo-recursos-fase-de-habilitacao-demais-areas","status":"publish","type":"page","link":"https:\/\/www.rioverde.go.gov.br\/secult\/lei-paulo-gustavo-recursos-fase-de-habilitacao-demais-areas\/","title":{"rendered":"Lei Paulo Gustavo \u2013 Recursos Fase de Habilita\u00e7\u00e3o Demais \u00c1reas"},"content":{"rendered":"\n<style>\n.datePublicacao {\n    color: #fff;\n    font-size: .85714rem;\n    text-transform: uppercase;\n    padding: 5px 7px;\n    background: #e8c365;\n    box-shadow: 0 1px 1px rgba(0, 0, 0, .1);\n    border-radius: 3px;\n    font-weight: 600;\n    line-height: 1.07143rem;\n    margin-bottom: 18px;\n}\n.span{\n    color: #bd8653;\n}\n<\/style>\n\n\n\n<h3 class=\"wp-block-heading has-text-align-left\"><i class=\"fa fa-folder-o\" aria-hidden=\"true\"><\/i> Recursos Demais \u00c1reas Fase Hablita\u00e7\u00e3o Processo Administrativo N\u00ba. 46148\/2024<\/h3>\n\n\n\n<div style=\"height:30px\" aria-hidden=\"true\" class=\"wp-block-spacer\"><\/div>\n\n\n\n<span class=\"datePublicacao\">Publicado em 11 de Julho de 2024 em <span class=\"span\">Secretaria de Cultura<\/span><\/span>\n\n\n\n<div style=\"height:30px\" aria-hidden=\"true\" class=\"wp-block-spacer\"><\/div>\n\n\n\n<ul class=\"wp-block-list\">\n<li><strong>&nbsp;Marcelo Alves Ara\u00fajo<\/strong> &#8211;<a href=\"https:\/\/www.rioverde.go.gov.br\/secult\/wp-uploads\/sites\/15\/2024\/07\/RECURSO-MARCELO-ALVES.pdf\" data-type=\"URL\" data-id=\"https:\/\/www.rioverde.go.gov.br\/secult\/wp-uploads\/sites\/15\/2024\/07\/RECURSO-MARCELO-ALVES.pdf\" target=\"_blank\" rel=\"noreferrer noopener\"> PDF<\/a><\/li>\n\n\n\n<li><strong>Rhian Adriel de Oliveira <\/strong>&#8211;<strong> <\/strong><a href=\"https:\/\/www.rioverde.go.gov.br\/secult\/wp-uploads\/sites\/15\/2024\/07\/RHIANN.pdf\" data-type=\"URL\" data-id=\"https:\/\/www.rioverde.go.gov.br\/secult\/wp-uploads\/sites\/15\/2024\/07\/RHIANN.pdf\" target=\"_blank\" rel=\"noreferrer noopener\">PDF<\/a><\/li>\n\n\n\n<li><strong>Keila Cristiny Augusto de Oliveira<\/strong> &#8211; <a rel=\"noreferrer noopener\" href=\"https:\/\/www.rioverde.go.gov.br\/secult\/wp-uploads\/sites\/15\/2024\/07\/KEILA.pdf\" data-type=\"URL\" data-id=\"https:\/\/www.rioverde.go.gov.br\/secult\/wp-uploads\/sites\/15\/2024\/07\/KEILA.pdf\" target=\"_blank\">PDF<\/a><\/li>\n<\/ul>\n\n\n\n<div style=\"height:30px\" aria-hidden=\"true\" class=\"wp-block-spacer\"><\/div>\n\n\n\n<span class=\"datePublicacao\">Publicado em 12 de Julho de 2024 em <span class=\"span\">Secretaria de Cultura<\/span><\/span>\n\n\n\n<div style=\"height:30px\" aria-hidden=\"true\" class=\"wp-block-spacer\"><\/div>\n\n\n\n<ul class=\"wp-block-list\">\n<li><strong>Maria Neuman de Andrade<\/strong> &#8211; <a rel=\"noreferrer noopener\" href=\"https:\/\/www.rioverde.go.gov.br\/secult\/wp-uploads\/sites\/15\/2024\/07\/RECURSO-MARIA-NEUMAN.pdf\" target=\"_blank\">PDF<\/a><\/li>\n<\/ul>\n\n\n\n<div style=\"height:30px\" aria-hidden=\"true\" class=\"wp-block-spacer\"><\/div>\n\n\n\n<span class=\"datePublicacao\">Publicado em 16 de Julho de 2024 em <span class=\"span\">Secretaria de Cultura<\/span><\/span>\n\n\n\n<div style=\"height:30px\" aria-hidden=\"true\" class=\"wp-block-spacer\"><\/div>\n\n\n\n<ul class=\"wp-block-list\">\n<li><strong>Miguel Teixeira<\/strong> &#8211; <a href=\"https:\/\/www.rioverde.go.gov.br\/secult\/wp-uploads\/sites\/15\/2024\/07\/recurso-miguel.pdf\" data-type=\"URL\" data-id=\"https:\/\/www.rioverde.go.gov.br\/secult\/wp-uploads\/sites\/15\/2024\/07\/recurso-miguel.pdf\" target=\"_blank\" rel=\"noreferrer noopener\">PDF<\/a><\/li>\n<\/ul>\n","protected":false},"excerpt":{"rendered":"","protected":false},"author":3,"featured_media":0,"parent":0,"menu_order":0,"comment_status":"closed","ping_status":"closed","template":"","meta":{"_acf_changed":false,"custom_icon_class":"","footnotes":""},"class_list":["post-733","page","type-page","status-publish","hentry"],"acf":[],"custom_icon_class":false,"tax_custom_icon_class":false,"default_custom_icon_class":"nmi-round-wysiwyg","singularTaxonomy":"P\u00e1gina","_links":{"self":[{"href":"https:\/\/www.rioverde.go.gov.br\/secult\/wp-json\/wp\/v2\/pages\/733","targetHints":{"allow":["GET"]}}],"collection":[{"href":"https:\/\/www.rioverde.go.gov.br\/secult\/wp-json\/wp\/v2\/pages"}],"about":[{"href":"https:\/\/www.rioverde.go.gov.br\/secult\/wp-json\/wp\/v2\/types\/page"}],"author":[{"embeddable":true,"href":"https:\/\/www.rioverde.go.gov.br\/secult\/wp-json\/wp\/v2\/users\/3"}],"replies":[{"embeddable":true,"href":"https:\/\/www.rioverde.go.gov.br\/secult\/wp-json\/wp\/v2\/comments?post=733"}],"version-history":[{"count":8,"href":"https:\/\/www.rioverde.go.gov.br\/secult\/wp-json\/wp\/v2\/pages\/733\/revisions"}],"predecessor-version":[{"id":774,"href":"https:\/\/www.rioverde.go.gov.br\/secult\/wp-json\/wp\/v2\/pages\/733\/revisions\/774"}],"wp:attachment":[{"href":"https:\/\/www.rioverde.go.gov.br\/secult\/wp-json\/wp\/v2\/media?parent=733"}],"curies":[{"name":"wp","href":"https:\/\/api.w.org\/{rel}","templated":true}]}}