{"id":33,"date":"2022-09-26T09:54:20","date_gmt":"2022-09-26T12:54:20","guid":{"rendered":"https:\/\/www.rioverde.go.gov.br\/fmc\/?page_id=33"},"modified":"2023-01-02T17:21:54","modified_gmt":"2023-01-02T20:21:54","slug":"contrapartidas-2021","status":"publish","type":"page","link":"https:\/\/www.rioverde.go.gov.br\/secult\/contrapartidas-2021\/","title":{"rendered":"Contrapartidas 2021"},"content":{"rendered":"\n<p>Categoria: M\u00fasica<\/p>\n\n\n\n<figure class=\"wp-block-table\"><table class=\"has-fixed-layout\"><thead><tr><th>Nome<\/th><th>Link contrapartida<\/th><\/tr><\/thead><tbody><tr><td>Luana de Jesus Nascimento<\/td><td>https:\/\/www.youtube.com\/watch?v=vwTPmbOSuRc<\/td><\/tr><tr><td>Jeanne Joyce R. de Moura<br>Kallebe A. de Moura<br>Nilton V. Soares<\/td><td>https:\/\/www.youtube.com\/watch?v=JS-JyhgrK-k<\/td><\/tr><tr><td>Fernanda Silva Dias<\/td><td>https:\/\/www.youtube.com\/watch?v=fUogaJywKdc<\/td><\/tr><tr><td>William Almeida da Silva<\/td><td>https:\/\/www.youtube.com\/watch?v=iWaWTV8e4us&amp;t=24s<\/td><\/tr><tr><td>Leandro Lopes Souza<br>Jairo Andrade Ara\u00fajo<\/td><td>https:\/\/www.youtube.com\/watch?v=1ub3C3QfsdI<\/td><\/tr><tr><td>Jos\u00e9 Maria Castro<br>Nelsino Vieira Cabral<br>Glaudimarcio Rosa de Freitas Filho<br>Rafael Moraes de Castro<br>Jordelino Nunes Ferreira<br>Celino Alves da Silva<br>Waldeci Jos\u00e9 Rosa<br>Lucimar Beraldo da Rocha<br>Jo\u00e3o Batista Dias da Costa<br>Donizete Gomes dos Santos<br>Erasmo Almeida de Ara\u00fajo<br>Jos\u00e9 Eduardo da Silva<br>Adeides Rosa da Costa<br>Edimar Divino da Costa<br>Kelison da Silva Costa<br>Jo\u00e3o Borges da Silva<br>Jos\u00e9 Carlos Machado<br>Jesus de Souza Fernandes<br>Jos\u00e9 Am\u00e2ncio Reinaldo Neto<br>Waldir Aparecido da Silva<br>Wanderley Aparecido da Silva<br>J\u00e9ssica Bastos Carvalho de Oliveira<\/td><td>https:\/\/www.youtube.com\/watch?v=VwVYbAsvgOM<\/td><\/tr><tr><td>Wilson Peres Torres<br>Lucesar J\u00fanior Vieira da Silva<br>Henrique Marques de Paula<br>Luiz Carlos Franchini Guimar\u00e3es<br>Jos\u00e9 Carlos Martins<br>Higor Rafael M. F. Bail\u00e3o Oliveira<br>Lidiane Almeida de Oliveira<br>Rodrigo Marques Labury Gon\u00e7alves<br>Wellington Alc\u00e2ntara Hon\u00f3rio<br>Pedro Lira Ferreira<\/td><td>https:\/\/www.youtube.com\/watch?v=iC3WHSM3oY0<\/td><\/tr><tr><td>Athos do Prado Graciano<br>Fl\u00e1vio Djelson Silva dos Santos<br>Rafael de Sousa Alves<br>Gabriel Oliveira Costa Bernardi<br>Thiago Prado Santos<br>Felipe Ribeiro Carvalho<br>Eudes Vieira da Costa J\u00fanior<br>Felipe Oliveira Costa<br>Fl\u00e1vio Costa da Silva<br>Fred Jorge da Silva Gon\u00e7alves<br>Jair Rodrigues de Camargo Filho<br>Geraldo Rodrigues da Rocha<br>Eloi Alves Batista<br>Alex Ribeiro Mota<\/td><td>https:\/\/www.youtube.com\/watch?v=V0Mka9IzJxE<\/td><\/tr><\/tbody><\/table><\/figure>\n\n\n\n<p>Categoria: Artesanato<\/p>\n\n\n\n<figure class=\"wp-block-table aligncenter\"><table><tbody><tr><td>                                  <strong>Nome<\/strong><\/td><td>                    <strong>Link contrapartida<\/strong><\/td><\/tr><tr><td>Marimlete Freitas de Melo<br>Nezia Gon\u00e7alves Ferreira <br>Maria Abadia dos Santos<br>Maria Edir Martins<br>Ludmylla Sousa Le\u00e3o     <\/td><td>https:\/\/www.youtube.com\/watch?v=y0CoWUOZaxM<\/td><\/tr><tr><td>Christiane Helena da Silva Ferreira<br>Helena Belcholina da Silva<br>Jaqueline Pereira Cabral<br>Mar\u00edlia Ribeiro Borges<br>Thaiza de Souza Cabral<br>Daniele Silva Carneiro<br>Ana Karolliny Pereira Arcanjo<br>Ana Maria Ferreira Barros<br>Maide Glaci Pacheco Bayer<br>Ana Clara Alves de Ramos<br>Josiana Maria da Silva Ferreira<br>Jhenifer da Silva Oliveira<br>Laryssa Lorranny Silva<br>Ira\u00eddes Maria da Silva Ferreira<br>Ana Carolina Vilela Cruvinel de Loiola<br>C\u00e1ssia Alves de Souza<br>Jordanna Alves Takato<br>Josefa de Freitas Albuquerque<br>Jozelma Caetano Barbosa Pinheiro<br>Joicy Caetano Pinheiro<br>Raquel Gomes Silva Oliveira<br>Sirley Pereira Rosa Arcanjo<br>Vanusa Ferreira Barros<br>Aldeni Francisca de Ara\u00fajo<\/td><td>https:\/\/www.youtube.com\/watch?v=ndgLMah7MKg&amp;t=45s<\/td><\/tr><tr><td>Bruna Moraes Sousa<br>Juliana Moraes Sousa Cunha<br>Ros\u00e2ngela Moraes Pereira<br>Raquel Rocha de Oliveira<br>Larissa Oliveira Alves<br>Iraci Santa Cruvinel<br>Jeovanna Carolina Vieira<br>Lindinalva Vieira Carolino<br>Geany Gouveia Araujo<\/td><td>https:\/\/www.youtube.com\/watch?v=humMAQpBoWA<\/td><\/tr><\/tbody><\/table><\/figure>\n\n\n\n<p>Categoria: Artes Visuais e audiovisual<\/p>\n\n\n\n<figure class=\"wp-block-table\"><table><tbody><tr><td><strong>Nome<\/strong><\/td><td><strong>Link contrapartida<\/strong><\/td><\/tr><tr><td>Dami\u00e3o Rodrigues de Oliveira<br>Roberto Pacheco da Costa<\/td><td>https:\/\/www.youtube.com\/watch?v=mPGyRRmJfcQ<\/td><\/tr><tr><td>Gilmar Francisco da Silva<br>Lucas Dangoni<\/td><td>https:\/\/www.youtube.com\/watch?v=LLUbnDQHhvI<\/td><\/tr><tr><td>Eduardo Ferreira Martins<br>Thiago Silva Souza<br>Raniery Macaco da Silva<br>Iara Melissa Alves Varella<br>Aloisio Kioharo Nakayama<br>Fernando Bonif\u00e1cio da Cruz<br>Rosemeire Rodrigues de Souza<\/td><td>https:\/\/www.youtube.com\/watch?v=1SIhJfLQ7zI<\/td><\/tr><tr><td>Wanessa Melo Mariano                               <\/td><td>https:\/\/www.youtube.com\/watch?v=BruMAJYlgLM<\/td><\/tr><tr><td>Carla Martins Cardoso Gomes<\/td><td>https:\/\/www.youtube.com\/watch?v=p7BLtgEEIdU<\/td><\/tr><tr><td>Diego Medeiros Garcias<\/td><td><a href=\"https:\/\/youtu.be\/8Ewp2_bp_uQ\">https:\/\/youtu.be\/8Ewp2_bp_uQ<\/a><\/td><\/tr><tr><td><\/td><td><\/td><\/tr><tr><td><\/td><td><\/td><\/tr><\/tbody><\/table><\/figure>\n\n\n\n<p>Categoria: Dan\u00e7a<\/p>\n\n\n\n<figure class=\"wp-block-table\"><table><tbody><tr><td>Juliana Marques Guimar\u00e3es Amaral                        <\/td><td>https:\/\/www.youtube.com\/watch?v=h6GLZ-M4kh4<\/td><\/tr><tr><td>Yasmine Vieira Hamid Ribeiro<\/td><td>https:\/\/www.youtube.com\/watch?v=sHpTxK3KCeE<\/td><\/tr><tr><td>Daniela Gomes Silva<\/td><td>https:\/\/www.youtube.com\/watch?v=-IeOLb-NpOw<\/td><\/tr><tr><td>Tha\u00eds Bruschi Signorini<\/td><td>https:\/\/www.youtube.com\/watch?v=7oZ5XFm80Ow<\/td><\/tr><tr><td>Dil\u00edria Rodrigues da Silva<\/td><td>https:\/\/www.youtube.com\/watch?v=H_uqnvk5HIs<\/td><\/tr><tr><td>Nath\u00e1lia de Sousa Botelho<\/td><td>https:\/\/www.youtube.com\/watch?v=bx8UPKPD1Vo<\/td><\/tr><tr><td>Natalia da Silva Ormonde<\/td><td>https:\/\/www.youtube.com\/watch?v=__WvkMqJQS8<\/td><\/tr><tr><td>Aline Cristina Ara\u00fajo Alves Rosa<\/td><td>https:\/\/youtu.be\/BG_-ETrsBNU<\/td><\/tr><tr><td>J\u00e9riton Guimar\u00e3es dos Reis<\/td><td>https:\/\/www.youtube.com\/watch?v=1TkmVuLFdlY<\/td><\/tr><tr><td>Karita Borges de Morais<\/td><td>https:\/\/www.youtube.com\/watch?v=WUfeDYKVzDM<\/td><\/tr><tr><td>Katiane Barbosa de Souza<\/td><td>https:\/\/www.youtube.com\/watch?v=cGSuCC9Xmw0<\/td><\/tr><tr><td>Josivaldo de Medeiros Dias<\/td><td>https:\/\/www.youtube.com\/watch?v=S9wWU-J4a_0<\/td><\/tr><tr><td>Fernanda de Carvalho Barbosa                                                                                             <\/td><td>https:\/\/www.youtube.com\/watch?v=wNPaI6DwxVw<\/td><\/tr><tr><td>F\u00e1bio Barbosa da Silva<\/td><td>https:\/\/drive.google.com\/file\/d\/1OPzjNU8jgonrw6f3nUOK1arz6t1gVTN0\/view<\/td><\/tr><tr><td>Keila Cristiny Augusto de Oliveira<\/td><td>https:\/\/www.youtube.com\/watch?v=wmTdr5iExfI<\/td><\/tr><tr><td>Leonardo Ferreira dos Santos<\/td><td>https:\/\/drive.google.com\/file\/d\/15Ee9T_J9xM9iJdxZzoUgbWnbhGXnKIB-\/view?usp=drivesdk<\/td><\/tr><tr><td>Marcelo Giovanni de Carvalho Silva<\/td><td>https:\/\/www.youtube.com\/watch?v=zEkMOk2gSjI<\/td><\/tr><tr><td>Francielly Rodrigues Sipriano<\/td><td>https:\/\/www.youtube.com\/watch?v=vrWf-nVZlx0<\/td><\/tr><\/tbody><\/table><\/figure>\n\n\n\n<p>Categoria: Teatro<\/p>\n\n\n\n<figure class=\"wp-block-table\"><table><tbody><tr><td>Jaqueline Nunes Pereira<\/td><td>https:\/\/youtu.be\/0bCSuJoEE_U<\/td><\/tr><tr><td>Nathan Garcias Queiroz    <\/td><td>https:\/\/www.youtube.com\/watch?v=lm6cnn6P6h4<\/td><\/tr><tr><td>Paulo Vesp\u00facio Garcia                              <\/td><td>https:\/\/drive.google.com\/file\/d\/15FVKXXcbsepoeJsuTx80Wiunw-O9pRK5\/view<\/td><\/tr><\/tbody><\/table><\/figure>\n\n\n\n<p>Categoria: Festas Populares<\/p>\n\n\n\n<figure class=\"wp-block-table\"><table><tbody><tr><td>Jandira Rocha de Oliveira<\/td><td>https:\/\/www.youtube.com\/watch?v=danIjkQa0xo<\/td><\/tr><tr><td>Murilo Silva Le\u00e3o<\/td><td><a rel=\"noreferrer noopener\" href=\"https:\/\/youtu.be\/2NXt1F0MYJE\" target=\"_blank\">https:\/\/youtu.be\/2NXt1F0MYJE<\/a><\/td><\/tr><tr><td>Wellington Barbosa da Silva  <\/td><td>https:\/\/www.youtube.com\/watch?v=kKZQRXRXmpY<\/td><\/tr><\/tbody><\/table><\/figure>\n\n\n\n<p>Categoria: (Capoeira\/Hip Hop)<\/p>\n\n\n\n<figure class=\"wp-block-table\"><table><tbody><tr><td>Junio C\u00e9sar de Souza<\/td><td>https:\/\/www.youtube.com\/watch?v=lpT9avHW5ek<\/td><\/tr><tr><td>Cristian Luciano Gurgel<\/td><td>https:\/\/www.youtube.com\/watch?v=U4Kc5LaUDQ4<\/td><\/tr><tr><td>Wilton C\u00e9sar Caetano Gomes<\/td><td>https:\/\/www.youtube.com\/watch?v=6P77H5Nf_J0<\/td><\/tr><tr><td>Fl\u00e1vio Rodrigues de Oliveira<\/td><td>https:\/\/youtube.com\/watch?v=6pU10MLwCac&amp;feature=share<\/td><\/tr><tr><td>Miron Lima Magalh\u00e3es<\/td><td>https:\/\/youtube.com\/watch?v=iQ2y_OBKlEo&amp;feature=share<\/td><\/tr><tr><td>Ricardo Sousa Silva<\/td><td>https:\/\/www.youtube.com\/watch?v=cUU0Ya5Llcs<\/td><\/tr><\/tbody><\/table><\/figure>\n\n\n\n<p>Categoria: Literatura<\/p>\n\n\n\n<figure class=\"wp-block-table\"><table><tbody><tr><td>Adilcilene Aparecida Ferreira                                            <\/td><td>https:\/\/docs.google.com\/document\/d\/1png-GxoEwETkWfDp-v57vLrea85M-avU8VCWTZ5KbPg\/edit?usp=sharing<\/td><\/tr><tr><td>Pedro Henrique Gomes Virissimo                                                                                      <\/td><td>https:\/\/docs.google.com\/document\/d\/1vOc4F038li1x2ZL0v1TK84HUz4tI8vUo-cBVinmfzuo\/edit<\/td><\/tr><tr><td>Nayanne Rezende Cruvinel<\/td><td>https:\/\/docs.google.com\/document\/d\/1dmuDIrjVY9OsawwzU1SnHMUjDez-YQfD68LAch1Tn3M\/edit?usp=sharing<\/td><\/tr><tr><td>Alaor Braz Vieira dos Reis<\/td><td><a href=\"https:\/\/docs.google.com\/document\/d\/1DcBFTeam6Bvj5vO9-hYGqsooSqeOFpQ8mHEwSMqzT_o\/edit\">https:\/\/docs.google.com\/document\/d\/1DcBFTeam6Bvj5vO9-hYGqsooSqeOFpQ8mHEwSMqzT_o\/edit<\/a><\/td><\/tr><\/tbody><\/table><\/figure>\n","protected":false},"excerpt":{"rendered":"","protected":false},"author":3,"featured_media":0,"parent":0,"menu_order":0,"comment_status":"closed","ping_status":"closed","template":"","meta":{"_acf_changed":false,"custom_icon_class":"","footnotes":""},"class_list":["post-33","page","type-page","status-publish","hentry"],"acf":[],"custom_icon_class":false,"tax_custom_icon_class":false,"default_custom_icon_class":"nmi-round-wysiwyg","singularTaxonomy":"P\u00e1gina","_links":{"self":[{"href":"https:\/\/www.rioverde.go.gov.br\/secult\/wp-json\/wp\/v2\/pages\/33","targetHints":{"allow":["GET"]}}],"collection":[{"href":"https:\/\/www.rioverde.go.gov.br\/secult\/wp-json\/wp\/v2\/pages"}],"about":[{"href":"https:\/\/www.rioverde.go.gov.br\/secult\/wp-json\/wp\/v2\/types\/page"}],"author":[{"embeddable":true,"href":"https:\/\/www.rioverde.go.gov.br\/secult\/wp-json\/wp\/v2\/users\/3"}],"replies":[{"embeddable":true,"href":"https:\/\/www.rioverde.go.gov.br\/secult\/wp-json\/wp\/v2\/comments?post=33"}],"version-history":[{"count":10,"href":"https:\/\/www.rioverde.go.gov.br\/secult\/wp-json\/wp\/v2\/pages\/33\/revisions"}],"predecessor-version":[{"id":189,"href":"https:\/\/www.rioverde.go.gov.br\/secult\/wp-json\/wp\/v2\/pages\/33\/revisions\/189"}],"wp:attachment":[{"href":"https:\/\/www.rioverde.go.gov.br\/secult\/wp-json\/wp\/v2\/media?parent=33"}],"curies":[{"name":"wp","href":"https:\/\/api.w.org\/{rel}","templated":true}]}}