{"id":84,"date":"2021-09-15T11:29:05","date_gmt":"2021-09-15T14:29:05","guid":{"rendered":"https:\/\/www.rioverde.go.gov.br\/secretaria-de-saude\/?page_id=84"},"modified":"2021-11-11T10:50:02","modified_gmt":"2021-11-11T13:50:02","slug":"legislacao","status":"publish","type":"page","link":"https:\/\/www.rioverde.go.gov.br\/secretaria-de-saude\/parceria-com-organizacoes-sociais\/legislacao\/","title":{"rendered":"Legisla\u00e7\u00e3o &#8211; Organiza\u00e7\u00e3o Social"},"content":{"rendered":"\n<h2 class=\"wp-block-heading\">Legisla\u00e7\u00e3o<\/h2>\n\n\n\n<div style=\"height:34px\" aria-hidden=\"true\" class=\"wp-block-spacer\"><\/div>\n\n\n\n<div class=\"wp-block-columns is-layout-flex wp-container-core-columns-is-layout-28f84493 wp-block-columns-is-layout-flex\">\n<div class=\"wp-block-column is-layout-flow wp-block-column-is-layout-flow\">\n<a href=\"https:\/\/www.rioverde.go.gov.br\/secretaria-de-saude\/parceria-com-organizacoes-sociais\/legislacao\/decretos-organizacao-social\/\"><img decoding=\"async\" src=\"https:\/\/www.rioverde.go.gov.br\/secretaria-de-saude\/wp-uploads\/sites\/10\/2021\/09\/btn_legislacao_decretos.png\" style=\"width:81%;\"><\/a>\n<\/div>\n\n\n\n<div class=\"wp-block-column is-layout-flow wp-block-column-is-layout-flow\">\n<!--<a href=\"https:\/\/www.rioverde.go.gov.br\/secretaria-de-saude\/parceria-com-organizacoes-sociais\/legislacao\/instrucoes-normativas-organizacao-social\/\"><img decoding=\"async\" src=\"https:\/\/www.rioverde.go.gov.br\/secretaria-de-saude\/wp-uploads\/sites\/10\/2021\/09\/btn_legislacao_instrucao.png\" style=\"width:81%;\"><\/a> -->\n<\/div>\n\n\n\n<div class=\"wp-block-column is-layout-flow wp-block-column-is-layout-flow\">\n<a href=\"https:\/\/www.rioverde.go.gov.br\/secretaria-de-saude\/parceria-com-organizacoes-sociais\/legislacao\/leis-organizacao-social\/\"><img decoding=\"async\" src=\"https:\/\/www.rioverde.go.gov.br\/secretaria-de-saude\/wp-uploads\/sites\/10\/2021\/09\/btn_legislacao_leis.png\" style=\"width:81%;\"><\/a>\n<\/div>\n<\/div>\n\n\n\n<div class=\"wp-block-columns is-layout-flex wp-container-core-columns-is-layout-28f84493 wp-block-columns-is-layout-flex\">\n<div class=\"wp-block-column is-layout-flow wp-block-column-is-layout-flow\">\n<a href=\"https:\/\/www.rioverde.go.gov.br\/secretaria-de-saude\/parceria-com-organizacoes-sociais\/legislacao\/portarias-organizacao-social\/\"><img decoding=\"async\" src=\"https:\/\/www.rioverde.go.gov.br\/secretaria-de-saude\/wp-uploads\/sites\/10\/2021\/09\/btn_legislacao_portarias.png\" style=\"width:81%;\"><\/a>\n<\/div>\n\n\n\n<div class=\"wp-block-column is-layout-flow wp-block-column-is-layout-flow\">\n<!--<a href=\"https:\/\/www.rioverde.go.gov.br\/secretaria-de-saude\/parceria-com-organizacoes-sociais\/legislacao\/manuais-organizacao-social\/\"><img decoding=\"async\" src=\"https:\/\/www.rioverde.go.gov.br\/secretaria-de-saude\/wp-uploads\/sites\/10\/2021\/09\/btn_legislacao_manuais.png\" style=\"width:81%;\"><\/a>-->\n<\/div>\n\n\n\n<div class=\"wp-block-column is-layout-flow wp-block-column-is-layout-flow\">\n<a href=\"https:\/\/www.rioverde.go.gov.br\/secretaria-de-saude\/parceria-com-organizacoes-sociais\/legislacao\/resolucoes-organizacao-social\/\"><img decoding=\"async\" src=\"https:\/\/www.rioverde.go.gov.br\/secretaria-de-saude\/wp-uploads\/sites\/10\/2021\/09\/btn_legislacao_resolucoes.png\" style=\"width:81%;\"><\/a>\n<\/div>\n<\/div>\n","protected":false},"excerpt":{"rendered":"","protected":false},"author":3,"featured_media":0,"parent":44,"menu_order":0,"comment_status":"closed","ping_status":"closed","template":"","meta":{"_acf_changed":false,"custom_icon_class":"","footnotes":""},"class_list":["post-84","page","type-page","status-publish","hentry"],"acf":[],"custom_icon_class":false,"tax_custom_icon_class":false,"default_custom_icon_class":"nmi-round-wysiwyg","singularTaxonomy":"P\u00e1gina","_links":{"self":[{"href":"https:\/\/www.rioverde.go.gov.br\/secretaria-de-saude\/wp-json\/wp\/v2\/pages\/84","targetHints":{"allow":["GET"]}}],"collection":[{"href":"https:\/\/www.rioverde.go.gov.br\/secretaria-de-saude\/wp-json\/wp\/v2\/pages"}],"about":[{"href":"https:\/\/www.rioverde.go.gov.br\/secretaria-de-saude\/wp-json\/wp\/v2\/types\/page"}],"author":[{"embeddable":true,"href":"https:\/\/www.rioverde.go.gov.br\/secretaria-de-saude\/wp-json\/wp\/v2\/users\/3"}],"replies":[{"embeddable":true,"href":"https:\/\/www.rioverde.go.gov.br\/secretaria-de-saude\/wp-json\/wp\/v2\/comments?post=84"}],"version-history":[{"count":29,"href":"https:\/\/www.rioverde.go.gov.br\/secretaria-de-saude\/wp-json\/wp\/v2\/pages\/84\/revisions"}],"predecessor-version":[{"id":237,"href":"https:\/\/www.rioverde.go.gov.br\/secretaria-de-saude\/wp-json\/wp\/v2\/pages\/84\/revisions\/237"}],"up":[{"embeddable":true,"href":"https:\/\/www.rioverde.go.gov.br\/secretaria-de-saude\/wp-json\/wp\/v2\/pages\/44"}],"wp:attachment":[{"href":"https:\/\/www.rioverde.go.gov.br\/secretaria-de-saude\/wp-json\/wp\/v2\/media?parent=84"}],"curies":[{"name":"wp","href":"https:\/\/api.w.org\/{rel}","templated":true}]}}