{"id":591,"date":"2025-11-25T16:49:18","date_gmt":"2025-11-25T19:49:18","guid":{"rendered":"https:\/\/www.rioverde.go.gov.br\/amt\/?page_id=591"},"modified":"2026-03-05T10:54:37","modified_gmt":"2026-03-05T13:54:37","slug":"estacionamento-rotativo-area-verde","status":"publish","type":"page","link":"https:\/\/www.rioverde.go.gov.br\/amt\/estacionamento-rotativo-area-verde\/","title":{"rendered":"Estacionamento Rotativo \u00c1rea Verde"},"content":{"rendered":"\n<figure class=\"wp-block-image size-full\"><img loading=\"lazy\" decoding=\"async\" width=\"837\" height=\"520\" src=\"https:\/\/www.rioverde.go.gov.br\/amt\/wp-uploads\/sites\/5\/2025\/11\/imagem-equip.jpg\" alt=\"\" class=\"wp-image-603\" srcset=\"https:\/\/www.rioverde.go.gov.br\/amt\/wp-content\/uploads\/sites\/5\/2025\/11\/imagem-equip.jpg 837w, https:\/\/www.rioverde.go.gov.br\/amt\/wp-content\/uploads\/sites\/5\/2025\/11\/imagem-equip-300x186.jpg 300w, https:\/\/www.rioverde.go.gov.br\/amt\/wp-content\/uploads\/sites\/5\/2025\/11\/imagem-equip-768x477.jpg 768w\" sizes=\"auto, (max-width: 837px) 100vw, 837px\" \/><\/figure>\n\n\n\n<p>O Sistema de Estacionamento Rotativo de ve\u00edculos em Rio Verde est\u00e1 amparado pelo artigo 24, inciso X, do C\u00f3digo de Tr\u00e2nsito Brasileiro, pela Lei Municipal n\u00ba 6.275\/2013 e pelo Decreto n\u00ba 3.350, de 10 de setembro de 2025, que trata da implanta\u00e7\u00e3o, opera\u00e7\u00e3o e regulamenta\u00e7\u00e3o do estacionamento rotativo pago em vias e logradouros p\u00fablicos do munic\u00edpio.<\/p>\n\n\n\n<p>O objetivo do sistema \u00e9 garantir maior rotatividade nas vagas p\u00fablicas em \u00e1reas de alta demanda, oferecendo diferentes formas de pagamento da tarifa e mais transpar\u00eancia na utiliza\u00e7\u00e3o das vagas pelos condutores.<\/p>\n\n\n\n<ul class=\"wp-block-list\">\n<li><strong>O que \u00e9 o servi\u00e7o?<\/strong><\/li>\n<\/ul>\n\n\n\n<p>\u00c9 um sistema eletr\u00f4nico de cobran\u00e7a e medi\u00e7\u00e3o de uso do estacionamento rotativo de ve\u00edculos nas vias p\u00fablicas, devidamente sinalizado e disponibilizando aos usu\u00e1rios mediante pagamento pela utiliza\u00e7\u00e3o das vagas.<\/p>\n\n\n\n<ul class=\"wp-block-list\">\n<li><strong>Qual o \u00f3rg\u00e3o respons\u00e1vel?<\/strong><\/li>\n<\/ul>\n\n\n\n<p>A gest\u00e3o e fiscaliza\u00e7\u00e3o do Estacionamento Rotativo s\u00e3o de responsabilidade da Ag\u00eancia Municipal de Mobilidade e Tr\u00e2nsito de Rio Verde\/GO.<\/p>\n\n\n\n<p>Atendimento ao p\u00fablico pelo telefone (64) 3602-8642 \/ 8640.<\/p>\n\n\n\n<p>A opera\u00e7\u00e3o do sistema \u00e9 realizada pela empresa VAGO.<\/p>\n\n\n\n<p>Para suporte ao usu\u00e1rio, a VAGO disponibiliza atendimento pelos seguintes canais:<\/p>\n\n\n\n<p>Presencialmente na loja de apoio ao usu\u00e1rio;<\/p>\n\n\n\n<p>WhatsApp: (43) 9 9619-8010<\/p>\n\n\n\n<p>E-mail: <a href=\"mailto:suporte@vago.online\">suporte@vago.online.com<\/a><\/p>\n\n\n\n<ul class=\"wp-block-list\">\n<li><strong>Quais s\u00e3o os meios de acesso e pagamento?&nbsp; &nbsp;&nbsp;&nbsp;&nbsp;&nbsp;&nbsp;&nbsp;&nbsp;<\/strong><\/li>\n<\/ul>\n\n\n\n<p>O estacionamento rotativo de ve\u00edculos de Rio Verde, conta com sistema eletr\u00f4nico de cobran\u00e7a moderno, assegurando-se ao usu\u00e1rio as mais diversas formas de pagamento da tarifa pela utiliza\u00e7\u00e3o das vagas, s\u00e3o eles:<\/p>\n\n\n\n<p>Parqu\u00edmetros;&nbsp;&nbsp;&nbsp;&nbsp;&nbsp;&nbsp;&nbsp;&nbsp;&nbsp;&nbsp;&nbsp;&nbsp;&nbsp;&nbsp;&nbsp;&nbsp;&nbsp;&nbsp;&nbsp;&nbsp;&nbsp;&nbsp;&nbsp;&nbsp;&nbsp;&nbsp;&nbsp;&nbsp;&nbsp;&nbsp;&nbsp;&nbsp;&nbsp;&nbsp;&nbsp;&nbsp;&nbsp;&nbsp;&nbsp;&nbsp;&nbsp;&nbsp;&nbsp;&nbsp;&nbsp;&nbsp;&nbsp;&nbsp;&nbsp;&nbsp;&nbsp;&nbsp;&nbsp;&nbsp;&nbsp;&nbsp;&nbsp;&nbsp;&nbsp;&nbsp;&nbsp;&nbsp;&nbsp;&nbsp;&nbsp;&nbsp;&nbsp;&nbsp;&nbsp;&nbsp;&nbsp;<\/p>\n\n\n\n<p>Aplicativo Vago!;<\/p>\n\n\n\n<p>Loja F\u00edsica da Vago!;<\/p>\n\n\n\n<p>Rede de revendas Credenciadas (PDVs);<\/p>\n\n\n\n<p>Website Oficial.<\/p>\n\n\n\n<p>Os pagamentos s\u00e3o realizados por meio de cart\u00e3o de cr\u00e9dito\/d\u00e9bito, dinheiro, PIX e TAG recarreg\u00e1vel (conforme o equipamento utilizado).<\/p>\n\n\n\n<ul class=\"wp-block-list\">\n<li><strong>Qual o tempo m\u00e1ximo de prem\u00eancia e o valor da tarifa?<\/strong><\/li>\n<\/ul>\n\n\n\n<p>A tarifa \u00e9 de R$ 2,50 para 1 (uma) hora e de R$ 7,50 para 3 (tr\u00eas) horas de perman\u00eancia. O tempo m\u00e1ximo permitido na mesma vaga \u00e9 de 3 (tr\u00eas) horas. Ap\u00f3s esse per\u00edodo, o ve\u00edculo dever\u00e1 ser retirado para evitar autua\u00e7\u00f5es na \u00c1rea Verde.<\/p>\n\n\n\n<ul class=\"wp-block-list\">\n<li><strong>Qual \u00e9 o hor\u00e1rio de funcionamento da \u00c1rea Verde?<\/strong><\/li>\n<\/ul>\n\n\n\n<p>O funcionamento ocorre:<\/p>\n\n\n\n<p>De segunda a sexta-feira, das 08 h \u00e0s 18h;<\/p>\n\n\n\n<p>Aos s\u00e1bados, das 08h \u00e0s 13h;<\/p>\n\n\n\n<p>Aos domingos e feriados, o estacionamento \u00e9 livre durante todo o dia.<\/p>\n\n\n\n<ul class=\"wp-block-list\">\n<li><strong>Qual o tempo m\u00ednimo de car\u00eancia para inser\u00e7\u00e3o de cr\u00e9ditos na vaga?<\/strong><\/li>\n<\/ul>\n\n\n\n<p>O motorista tem at\u00e9 15 minutos para regularizar o pagamento quando estacionar na vaga.\u00a0<\/p>\n\n\n\n<ul class=\"wp-block-list\">\n<li><strong>Quais s\u00e3o os requisitos para pagamento da vaga?<\/strong><\/li>\n<\/ul>\n\n\n\n<p>&nbsp;Informar o registro da placa do ve\u00edculo estacionado e tempo desejado.<\/p>\n\n\n\n<p>O monitoramento das vagas \u00e9 realizado por viaturas da Ag\u00eancia Municipal de Mobilidade e Tr\u00e2nsito equipadas com c\u00e2meras OCR que far\u00e3o a leitura e a consulta autom\u00e1tica de placas e encaminhados a Central de monitoramento.<\/p>\n\n\n\n<ul class=\"wp-block-list\">\n<li><strong>Quem deve pagar a tarifa de estacionamento?<\/strong><\/li>\n<\/ul>\n\n\n\n<p>Todos os ve\u00edculos de quatro rodas devem pagar a tarifa, inclusive aqueles que utilizam vagas preferenciais para idosos ou Pessoas com Defici\u00eancia. A credencial garante apenas o uso da vaga reservada, n\u00e3o a isen\u00e7\u00e3o do pagamento.<\/p>\n\n\n\n<p>Motocicletas s\u00e3o isentas quando estacionadas nos bols\u00f5es exclusivos para moto. N\u00e3o \u00e9 permitido estacionar motocicletas nas vagas destinadas a ve\u00edculos de quatro rodas.<\/p>\n\n\n\n<p>Est\u00e3o isentos do pagamento apenas os ve\u00edculos previstos em lei, como por exemplo os utilizados por oficiais de justi\u00e7a quando em atividade, devidamente cadastrados na Ag\u00eancia Municipal de Mobilidade e Tr\u00e2nsito de Rio Verde\/GO.<\/p>\n\n\n\n<ul class=\"wp-block-list\">\n<li><strong>Em caso de n\u00e3o utiliza\u00e7\u00e3o total do tempo pago na vaga, como \u00e9 feito o resgate do saldo?<\/strong><\/li>\n<\/ul>\n\n\n\n<p>O resgate do tempo n\u00e3o utilizado pode ser feito tanto pela TAG quanto pelo aplicativo. No caso da TAG, basta aproxim\u00e1-la do leitor no parqu\u00edmetro para que o sistema reconhe\u00e7a o cr\u00e9dito e fa\u00e7a o estorno automaticamente. Pelo aplicativo, o usu\u00e1rio tamb\u00e9m pode encerrar o uso da vaga e recuperar o saldo restante.<\/p>\n\n\n\n<ul class=\"wp-block-list\">\n<li><strong>Como solicitar o uso especial de Vagas para atendimento de servi\u00e7os?<\/strong><\/li>\n<\/ul>\n\n\n\n<p>Conforme o Art. 17 do Decreto N\u00b0 3.350, de 10 de setembro de 2025, o uso de vagas por tempo diferente do limite estabelecidos, para utiliza\u00e7\u00e3o especial de servi\u00e7os, seja ocupa\u00e7\u00e3o por ca\u00e7ambas, cont\u00eaineres ou ve\u00edculos com necessidade de ocupa\u00e7\u00e3o di\u00e1ria dever\u00e3o ser aprovadas na Ag\u00eancia Municipal de Mobilidade e Tr\u00e2nsito para fins de an\u00e1lise e libera\u00e7\u00e3o, com a quita\u00e7\u00e3o antecipada dos valores.<\/p>\n\n\n\n<ul class=\"wp-block-list\">\n<li><strong>Qual<\/strong><strong> \u00e9 o endere\u00e7o e a localiza\u00e7\u00e3o da loja Vago?<\/strong><\/li>\n<\/ul>\n\n\n\n<p>Rua Costa Gomes, n\u00ba 1617 \u2014 Edif\u00edcio Serra Azul \u2013 Sala 1<br>Bairro: Jardim Goi\u00e1s, Rio Verde \u2013 GO<br>CEP: 75903-280<br>Localiza\u00e7\u00e3o: <a rel=\"noreferrer noopener\" href=\"https:\/\/www.google.com\/maps\/d\/edit?mid=1dYpvX5Nai5s1Cg7anJi6_8QsW0qfWVM&amp;usp=sharing\" target=\"_blank\">Abrir no mapa<\/a><\/p>\n\n\n\n<ul class=\"wp-block-list\">\n<li><strong>Onde ser\u00e1 vendido as tags?<\/strong><\/li>\n<\/ul>\n\n\n\n<p>Os dispositivos de recarga(tag) ser\u00e3o vendidos apenas no escrit\u00f3rio Vago!, por\u00e9m as recargas poder\u00e3o ser feitas no portal <a rel=\"noreferrer noopener\" href=\"http:\/\/www.vagoonline.com.br\" target=\"_blank\">www.vagoonline.com.br<\/a>, parqu\u00edmetro e PDVs.<\/p>\n\n\n\n<ul class=\"wp-block-list\">\n<li><strong>Como utilizar as tags?<\/strong><\/li>\n<\/ul>\n\n\n\n<p>Na tag pode ser vinculada, de forma definitiva, uma \u00fanica placa de ve\u00edculo, o que facilita a utiliza\u00e7\u00e3o do estacionamento no parqu\u00edmetro.<br>Tamb\u00e9m \u00e9 poss\u00edvel n\u00e3o vincular nenhuma placa e permitir a inser\u00e7\u00e3o manual de placas diferentes no parqu\u00edmetro.<\/p>\n\n\n\n<ul class=\"wp-block-list\">\n<li><strong>Qual \u00e9 o valor das Tags?<\/strong><\/li>\n<\/ul>\n\n\n\n<p>As tags s\u00e3o disponibilizadas mediante o pagamento de uma cau\u00e7\u00e3o no valor de <strong>R$ 10,00<\/strong>. Ap\u00f3s adquirir a tag, \u00e9 necess\u00e1rio realizar a <strong>recarga<\/strong> para utiliz\u00e1-la.<br>Quando a tag for devolvida em boas condi\u00e7\u00f5es de uso, ser\u00e1 efetuado o reembolso de <strong>R$ 7,00<\/strong> referente \u00e0 cau\u00e7\u00e3o.<\/p>\n\n\n\n<ul class=\"wp-block-list\">\n<li><strong>Como cadastrar os ve\u00edculos da minha empresa?<\/strong><\/li>\n<\/ul>\n\n\n\n<p>Para cadastrar os ve\u00edculos da sua empresa, basta acessar a plataforma empresarial. Nela, \u00e9 poss\u00edvel registrar e gerenciar ve\u00edculos e colaboradores, controlar o acesso de cada usu\u00e1rio e acompanhar a utiliza\u00e7\u00e3o do aplicativo. Todas as informa\u00e7\u00f5es ficam centralizadas em um \u00fanico ambiente, facilitando a gest\u00e3o e o acompanhamento das opera\u00e7\u00f5es, por meio do link <a href=\"https:\/\/www.vagoonline.com.br\/business\" target=\"_blank\" rel=\"noreferrer noopener\">https:\/\/www.vagoonline.com.br\/business<\/a><\/p>\n\n\n\n<p><\/p>\n\n\n\n<p><\/p>\n\n\n\n<p><\/p>\n\n\n\n<ul class=\"wp-block-list\">\n<li><strong>Qual a localiza\u00e7\u00e3o dos Parqu\u00edmetros:<\/strong><\/li>\n<\/ul>\n\n\n\n<p>Atualmente, o sistema da \u00c1rea Verde conta com 40 parqu\u00edmetros instalados em pontos estrat\u00e9gicos do estacionamento rotativo da cidade. A rela\u00e7\u00e3o completa das localiza\u00e7\u00f5es pode ser acessada no mapa abaixo:<\/p>\n\n\n\n<div id=\"mapa\" style=\"color:#fff\">mapa<\/div>\n<div style=\"text-align:center\">\n<iframe loading=\"lazy\" src=\"https:\/\/www.google.com\/maps\/d\/embed?mid=1chur7sOic9Udcvab91LnGJIZGhlTg1Y&amp;ehbc=2E312F\" width=\"640\" height=\"480\"><\/iframe><\/div><br>\n\n\n\n<ul class=\"wp-block-list\">\n<li><strong>Qual \u00e9 a forma da presta\u00e7\u00e3o do servi\u00e7o?<\/strong><\/li>\n<\/ul>\n\n\n\n<p>Para utilizar o estacionamento rotativo, o condutor deve estacionar o ve\u00edculo nas \u00e1reas sinalizadas com a placa de estacionamento rotativo (R-6B) e escolher uma das formas dispon\u00edveis para regularizar o uso da vaga, conforme descrito a seguir.<\/p>\n\n\n\n<div class=\"wp-block-columns is-layout-flex wp-container-core-columns-is-layout-28f84493 wp-block-columns-is-layout-flex\">\n<div class=\"wp-block-column is-layout-flow wp-block-column-is-layout-flow\">\n<figure class=\"wp-block-image size-large\"><img loading=\"lazy\" decoding=\"async\" width=\"1024\" height=\"432\" src=\"https:\/\/www.rioverde.go.gov.br\/amt\/wp-uploads\/sites\/5\/2026\/03\/amt_placas_area_verde-1-1024x432.jpeg\" alt=\"\" class=\"wp-image-749\" srcset=\"https:\/\/www.rioverde.go.gov.br\/amt\/wp-content\/uploads\/sites\/5\/2026\/03\/amt_placas_area_verde-1-1024x432.jpeg 1024w, https:\/\/www.rioverde.go.gov.br\/amt\/wp-content\/uploads\/sites\/5\/2026\/03\/amt_placas_area_verde-1-300x126.jpeg 300w, https:\/\/www.rioverde.go.gov.br\/amt\/wp-content\/uploads\/sites\/5\/2026\/03\/amt_placas_area_verde-1-768x324.jpeg 768w, https:\/\/www.rioverde.go.gov.br\/amt\/wp-content\/uploads\/sites\/5\/2026\/03\/amt_placas_area_verde-1.jpeg 1518w\" sizes=\"auto, (max-width: 1024px) 100vw, 1024px\" \/><\/figure>\n<\/div>\n<\/div>\n\n\n\n<ul class=\"wp-block-list\">\n<li><strong>Qual \u00e9 o valor da autua\u00e7\u00e3o e quantos pontos na carteira?<\/strong><\/li>\n<\/ul>\n\n\n\n<p>O ve\u00edculo estacionado de forma irregular, sem o pagamento da tarifa, est\u00e1 sujeito \u00e0 autua\u00e7\u00e3o prevista no C\u00f3digo de Tr\u00e2nsito Brasileiro. A infra\u00e7\u00e3o \u00e9<strong> grave<\/strong>, com multa de <strong>R$ 195,23 <\/strong>e <strong>5 pontos na CNH<\/strong>, podendo haver remo\u00e7\u00e3o do ve\u00edculo, conforme o artigo 181, inciso XVII do CTB.<\/p>\n\n\n\n<p><\/p>\n\n\n\n<ul class=\"wp-block-list\">\n<li><strong>Como solicitar o reembolso do cr\u00e9dito da antiga empresa do Estacionamento Rotativo &#8211; EXP Parking?<\/strong><\/li>\n<\/ul>\n\n\n\n<p>Arestitui\u00e7\u00e3o desses cr\u00e9ditos poder\u00e1 ser solicitada <strong>&nbsp;<\/strong>por meio do formul\u00e1rio no link da empresa:<\/p>\n\n\n\n<p>\ud83d\udc49 <a href=\"https:\/\/crm.parkindigo.com.br\/hc\/pt-br\/requests\/new\">https:\/\/crm.parkindigo.com.br\/hc\/pt-br\/requests\/new<\/a><\/p>\n\n\n\n<figure class=\"wp-block-image size-full\"><img loading=\"lazy\" decoding=\"async\" width=\"558\" height=\"302\" src=\"https:\/\/www.rioverde.go.gov.br\/amt\/wp-uploads\/sites\/5\/2026\/01\/image-1.png\" alt=\"\" class=\"wp-image-728\" srcset=\"https:\/\/www.rioverde.go.gov.br\/amt\/wp-content\/uploads\/sites\/5\/2026\/01\/image-1.png 558w, https:\/\/www.rioverde.go.gov.br\/amt\/wp-content\/uploads\/sites\/5\/2026\/01\/image-1-300x162.png 300w\" sizes=\"auto, (max-width: 558px) 100vw, 558px\" \/><\/figure>\n\n\n\n<p>Para suporte ao usu\u00e1rio, a INDIGO (EXP Parking) disponibiliza atendimento pelos seguintes canais:<br><br>Telefone: 0800 644 0407 \u2013 De segunda a sexta-feira, das 09:00 \u00e0s 18:00, exceto feriados.<br><\/p>\n\n\n\n<p>WhatsApp: (51) 9242-5459<\/p>\n\n\n\n<p>E-mail: <a href=\"mailto:sac.br@group-indigo.com\">sac.br@group-indigo.com<\/a>.<\/p>\n","protected":false},"excerpt":{"rendered":"","protected":false},"author":3,"featured_media":0,"parent":0,"menu_order":0,"comment_status":"closed","ping_status":"closed","template":"","meta":{"_acf_changed":false,"custom_icon_class":"","footnotes":""},"class_list":["post-591","page","type-page","status-publish","hentry"],"acf":[],"custom_icon_class":false,"tax_custom_icon_class":false,"default_custom_icon_class":"nmi-round-wysiwyg","singularTaxonomy":"P\u00e1gina","_links":{"self":[{"href":"https:\/\/www.rioverde.go.gov.br\/amt\/wp-json\/wp\/v2\/pages\/591","targetHints":{"allow":["GET"]}}],"collection":[{"href":"https:\/\/www.rioverde.go.gov.br\/amt\/wp-json\/wp\/v2\/pages"}],"about":[{"href":"https:\/\/www.rioverde.go.gov.br\/amt\/wp-json\/wp\/v2\/types\/page"}],"author":[{"embeddable":true,"href":"https:\/\/www.rioverde.go.gov.br\/amt\/wp-json\/wp\/v2\/users\/3"}],"replies":[{"embeddable":true,"href":"https:\/\/www.rioverde.go.gov.br\/amt\/wp-json\/wp\/v2\/comments?post=591"}],"version-history":[{"count":9,"href":"https:\/\/www.rioverde.go.gov.br\/amt\/wp-json\/wp\/v2\/pages\/591\/revisions"}],"predecessor-version":[{"id":750,"href":"https:\/\/www.rioverde.go.gov.br\/amt\/wp-json\/wp\/v2\/pages\/591\/revisions\/750"}],"wp:attachment":[{"href":"https:\/\/www.rioverde.go.gov.br\/amt\/wp-json\/wp\/v2\/media?parent=591"}],"curies":[{"name":"wp","href":"https:\/\/api.w.org\/{rel}","templated":true}]}}