{"id":439,"date":"2024-05-13T16:10:42","date_gmt":"2024-05-13T19:10:42","guid":{"rendered":"https:\/\/www.rioverde.go.gov.br\/amt\/?page_id=439"},"modified":"2025-11-04T09:24:43","modified_gmt":"2025-11-04T12:24:43","slug":"editaisdenotificacao","status":"publish","type":"page","link":"https:\/\/www.rioverde.go.gov.br\/amt\/editaisdenotificacao\/","title":{"rendered":"Editais de Notifica\u00e7\u00e3o"},"content":{"rendered":"\n<ul class=\"wp-block-list\">\n<li><a href=\"https:\/\/www.rioverde.go.gov.br\/amt\/download\/anexos-arquivos\/\" data-type=\"URL\" data-id=\"https:\/\/www.rioverde.go.gov.br\/amt\/download\/anexos-arquivos\/\"><strong>Editais de leil\u00f5es de Ve\u00edculos<\/strong><\/a><\/li>\n\n\n\n<li><strong><a href=\"https:\/\/www.rioverde.go.gov.br\/amt\/download\/edital-de-notificacao-de-instauracao-do-processo-administrativo-de-suspensao-do-direito-de-dirigir\/\" data-type=\"URL\" data-id=\"https:\/\/www.rioverde.go.gov.br\/amt\/download\/edital-de-notificacao-de-instauracao-do-processo-administrativo-de-suspensao-do-direito-de-dirigir\/\">Edital de notifica\u00e7\u00e3o de instaura\u00e7\u00e3o do processo administrativo de suspens\u00e3o do direito de dirigir<\/a><\/strong><\/li>\n\n\n\n<li><a href=\"https:\/\/www.rioverde.go.gov.br\/amt\/download\/edital-de-notificacao-de-aplicacao-da-penalidade-de-suspensao-do-direito-de-dirigir\/\" data-type=\"URL\" data-id=\"https:\/\/www.rioverde.go.gov.br\/amt\/download\/edital-de-notificacao-de-aplicacao-da-penalidade-de-suspensao-do-direito-de-dirigir\/\"><strong>Edital de notifica\u00e7\u00e3o de aplica\u00e7\u00e3o da penalidade de suspens\u00e3o do direito de dirigir<\/strong><\/a><\/li>\n<\/ul>\n\n\n\n<p><\/p>\n","protected":false},"excerpt":{"rendered":"","protected":false},"author":3,"featured_media":0,"parent":0,"menu_order":0,"comment_status":"closed","ping_status":"closed","template":"","meta":{"_acf_changed":false,"custom_icon_class":"","footnotes":""},"class_list":["post-439","page","type-page","status-publish","hentry"],"acf":[],"custom_icon_class":false,"tax_custom_icon_class":false,"default_custom_icon_class":"nmi-round-wysiwyg","singularTaxonomy":"P\u00e1gina","_links":{"self":[{"href":"https:\/\/www.rioverde.go.gov.br\/amt\/wp-json\/wp\/v2\/pages\/439","targetHints":{"allow":["GET"]}}],"collection":[{"href":"https:\/\/www.rioverde.go.gov.br\/amt\/wp-json\/wp\/v2\/pages"}],"about":[{"href":"https:\/\/www.rioverde.go.gov.br\/amt\/wp-json\/wp\/v2\/types\/page"}],"author":[{"embeddable":true,"href":"https:\/\/www.rioverde.go.gov.br\/amt\/wp-json\/wp\/v2\/users\/3"}],"replies":[{"embeddable":true,"href":"https:\/\/www.rioverde.go.gov.br\/amt\/wp-json\/wp\/v2\/comments?post=439"}],"version-history":[{"count":6,"href":"https:\/\/www.rioverde.go.gov.br\/amt\/wp-json\/wp\/v2\/pages\/439\/revisions"}],"predecessor-version":[{"id":588,"href":"https:\/\/www.rioverde.go.gov.br\/amt\/wp-json\/wp\/v2\/pages\/439\/revisions\/588"}],"wp:attachment":[{"href":"https:\/\/www.rioverde.go.gov.br\/amt\/wp-json\/wp\/v2\/media?parent=439"}],"curies":[{"name":"wp","href":"https:\/\/api.w.org\/{rel}","templated":true}]}}