{"id":287,"date":"2023-05-26T09:51:02","date_gmt":"2023-05-26T12:51:02","guid":{"rendered":"https:\/\/www.rioverde.go.gov.br\/amt\/?page_id=287"},"modified":"2025-07-10T08:44:07","modified_gmt":"2025-07-10T11:44:07","slug":"radares","status":"publish","type":"page","link":"https:\/\/www.rioverde.go.gov.br\/amt\/radares\/","title":{"rendered":"Radares"},"content":{"rendered":"\n<figure class=\"wp-block-image size-large\"><img loading=\"lazy\" decoding=\"async\" width=\"1024\" height=\"575\" src=\"https:\/\/www.rioverde.go.gov.br\/amt\/wp-uploads\/sites\/5\/2023\/05\/entrada-rio-verde-1024x575.jpeg\" alt=\"\" class=\"wp-image-298\" srcset=\"https:\/\/www.rioverde.go.gov.br\/amt\/wp-content\/uploads\/sites\/5\/2023\/05\/entrada-rio-verde-1024x575.jpeg 1024w, https:\/\/www.rioverde.go.gov.br\/amt\/wp-content\/uploads\/sites\/5\/2023\/05\/entrada-rio-verde-300x169.jpeg 300w, https:\/\/www.rioverde.go.gov.br\/amt\/wp-content\/uploads\/sites\/5\/2023\/05\/entrada-rio-verde-768x431.jpeg 768w, https:\/\/www.rioverde.go.gov.br\/amt\/wp-content\/uploads\/sites\/5\/2023\/05\/entrada-rio-verde-478x269.jpeg 478w, https:\/\/www.rioverde.go.gov.br\/amt\/wp-content\/uploads\/sites\/5\/2023\/05\/entrada-rio-verde.jpeg 1280w\" sizes=\"auto, (max-width: 1024px) 100vw, 1024px\" \/><\/figure>\n\n\n\n<div style=\"height:44px\" aria-hidden=\"true\" class=\"wp-block-spacer\"><\/div>\n\n\n\n<style>\n.home_featured_btn {\n    cursor: pointer;\n    display: block;\n    padding: 30px;\n    text-transform: uppercase;\n    font-weight: bolder;\n    text-shadow: 0 1px 1px rgba(0,0,0,.5);\n    width: 104.2%;\n    height: 90px;\n    text-align: center;\n    line-height: 12px;\n    font-size: 2.5rem;\n    text-decoration: none !important;\n    border-bottom: 5px solid black;\n    color: #fff !important;\n    border-radius: 0 0 5px 5px;\n}\n.gradient {\n    background-size: 200% auto;\n    transition-duration: 0.5s;\n}\n.gradient-hover:hover {\n    background-position: right center;\n}\n.gradient-green {\n    background-image: linear-gradient(to right,#0f5e18 0%,#1fbd74 50%,#0f5e18 100%);\n}\n<\/style>\n\n\n\n<div class=\"wp-block-columns is-layout-flex wp-container-core-columns-is-layout-28f84493 wp-block-columns-is-layout-flex\">\n<div class=\"wp-block-column is-layout-flow wp-block-column-is-layout-flow\">\n<a href=\"https:\/\/rioverde.consultacidadao.com.br\/\" target=\"_blank\" class=\"home_featured_btn gradient gradient-green gradient-hover\" rel=\"noopener\">\n    Consultar Multas de Radares\n    <p style=\"font-size: 20px;padding: 15px;\">\n        Multas aplicadas a partir de 10\/06\/2023\n    <\/p>\n<\/a>\n<\/div>\n<\/div>\n\n\n\n<div class=\"wp-block-columns is-layout-flex wp-container-core-columns-is-layout-28f84493 wp-block-columns-is-layout-flex\">\n<div class=\"wp-block-column is-layout-flow wp-block-column-is-layout-flow\">\n<a href=\"https:\/\/www.rioverde.go.gov.br\/amt\/radares\/relacao-de-radares\/\" class=\"home_featured_btn gradient gradient-green gradient-hover\" rel=\"noopener\">Consultar Rela\u00e7\u00e3o Radares<\/a>\n<\/div>\n<\/div>\n\n\n\n<p><strong><u>Equipamentos de Fiscaliza\u00e7\u00e3o Eletr\u00f4nica<\/u><\/strong><\/p>\n\n\n\n<p>A cidade de Rio Verde\/GO atualmente possui <a href=\"https:\/\/www.rioverde.go.gov.br\/amt\/relacao-de-radares\/\" data-type=\"URL\" data-id=\"https:\/\/www.rioverde.go.gov.br\/amt\/relacao-de-radares\/\">57 pontos de fiscaliza\u00e7\u00e3o eletr\u00f4nica<\/a> nas ruas e avenidas, com o objetivo de garantir o cumprimento das regras de tr\u00e2nsito, fundamentais \u00e0 seguran\u00e7a vi\u00e1ria.<\/p>\n\n\n\n<p>Esses radares fiscalizam a velocidade m\u00e1xima praticada pelos motoristas. Nos sem\u00e1foros, tamb\u00e9m fiscalizam o avan\u00e7o da fase vermelha e a parada do ve\u00edculo sobre a faixa de pedestres.<\/p>\n\n\n\n<p>As vias municipais possuem radares do tipo fixo. Segundo a Resolu\u00e7\u00e3o n\u00ba 798, de 2 de setembro de 2020, o radar fixo \u00e9 um \u201cmedidor de velocidade com registro de imagem instalado em local definido e em car\u00e1ter duradouro\u201d.<\/p>\n\n\n\n<p>Os radares fixos de Rio Verde s\u00e3o do tipo:<\/p>\n\n\n\n<p><strong>a)<\/strong> Controlador: medidor de velocidade destinado a fiscalizar o limite m\u00e1ximo de velocidade da via ou de seu ponto espec\u00edfico;<\/p>\n\n\n\n<p><strong>b)<\/strong> Redutor: medidor de velocidade, obrigatoriamente dotado de display, destinado a fiscalizar a redu\u00e7\u00e3o pontual de velocidade estabelecida em rela\u00e7\u00e3o \u00e0 velocidade diretriz da via.<\/p>\n\n\n\n<p>As vias do munic\u00edpio possuem sinaliza\u00e7\u00e3o de velocidade m\u00e1xima permitida, que podem ser de 30km\/h, 40 km\/h e 50 km\/h.<\/p>\n\n\n\n<p>Obrigatoriamente s\u00e3o todos sinalizados por meio de placas do tipo R-19. Entretanto, apesar de facultativa, o munic\u00edpio adotou tamb\u00e9m a sinaliza\u00e7\u00e3o vertical complementar com a informa\u00e7\u00e3o \u201cFiscaliza\u00e7\u00e3o Eletr\u00f4nica\u201d.<\/p>\n\n\n\n<p>Os medidores de velocidade s\u00e3o aferidos conforme resolu\u00e7\u00f5es e portarias referentes \u00e0 fiscaliza\u00e7\u00e3o eletr\u00f4nica do Conselho Nacional de Tr\u00e2nsito e do Instituto Nacional De Metrologia, Qualidade E Tecnologia \u2013 Inmetro.<\/p>\n\n\n\n<p>Uma vez cometida a infra\u00e7\u00e3o, \u00e9 lavrado o Auto de Infra\u00e7\u00e3o de Tr\u00e2nsito (AIT), a partir do registro obtido pelo equipamento. Ressaltamos que a cidade de Rio Verde n\u00e3o possui radares do tipo port\u00e1til.<\/p>\n\n\n\n<div style=\"height:20px\" aria-hidden=\"true\" class=\"wp-block-spacer\"><\/div>\n\n\n\n<a href=\"https:\/\/www.rioverde.go.gov.br\/amt\/radares\/relacao-de-radares\/\" style=\"display:none !important;\"><img loading=\"lazy\" decoding=\"async\" width=\"1024\" height=\"542\" src=\"https:\/\/www.rioverde.go.gov.br\/amt\/wp-uploads\/sites\/5\/2023\/05\/banner-radares-1024x542.jpeg\" alt=\"\" class=\"wp-image-312\" srcset=\"https:\/\/www.rioverde.go.gov.br\/amt\/wp-content\/uploads\/sites\/5\/2023\/05\/banner-radares-1024x542.jpeg 1024w, https:\/\/www.rioverde.go.gov.br\/amt\/wp-content\/uploads\/sites\/5\/2023\/05\/banner-radares-300x159.jpeg 300w, https:\/\/www.rioverde.go.gov.br\/amt\/wp-content\/uploads\/sites\/5\/2023\/05\/banner-radares-768x406.jpeg 768w, https:\/\/www.rioverde.go.gov.br\/amt\/wp-content\/uploads\/sites\/5\/2023\/05\/banner-radares.jpeg 1072w\" sizes=\"auto, (max-width: 1024px) 100vw, 1024px\" \/><\/a>\n","protected":false},"excerpt":{"rendered":"","protected":false},"author":3,"featured_media":0,"parent":0,"menu_order":0,"comment_status":"closed","ping_status":"closed","template":"","meta":{"_acf_changed":false,"custom_icon_class":"","footnotes":""},"class_list":["post-287","page","type-page","status-publish","hentry"],"acf":[],"custom_icon_class":false,"tax_custom_icon_class":false,"default_custom_icon_class":"nmi-round-wysiwyg","singularTaxonomy":"P\u00e1gina","_links":{"self":[{"href":"https:\/\/www.rioverde.go.gov.br\/amt\/wp-json\/wp\/v2\/pages\/287","targetHints":{"allow":["GET"]}}],"collection":[{"href":"https:\/\/www.rioverde.go.gov.br\/amt\/wp-json\/wp\/v2\/pages"}],"about":[{"href":"https:\/\/www.rioverde.go.gov.br\/amt\/wp-json\/wp\/v2\/types\/page"}],"author":[{"embeddable":true,"href":"https:\/\/www.rioverde.go.gov.br\/amt\/wp-json\/wp\/v2\/users\/3"}],"replies":[{"embeddable":true,"href":"https:\/\/www.rioverde.go.gov.br\/amt\/wp-json\/wp\/v2\/comments?post=287"}],"version-history":[{"count":10,"href":"https:\/\/www.rioverde.go.gov.br\/amt\/wp-json\/wp\/v2\/pages\/287\/revisions"}],"predecessor-version":[{"id":567,"href":"https:\/\/www.rioverde.go.gov.br\/amt\/wp-json\/wp\/v2\/pages\/287\/revisions\/567"}],"wp:attachment":[{"href":"https:\/\/www.rioverde.go.gov.br\/amt\/wp-json\/wp\/v2\/media?parent=287"}],"curies":[{"name":"wp","href":"https:\/\/api.w.org\/{rel}","templated":true}]}}