{"id":142,"date":"2021-06-21T07:40:17","date_gmt":"2021-06-21T10:40:17","guid":{"rendered":"https:\/\/www.rioverde.go.gov.br\/amt\/?page_id=142"},"modified":"2021-06-28T10:53:45","modified_gmt":"2021-06-28T13:53:45","slug":"procedimento-para-adesao-ao-sistema-de-notificacao-eletronica","status":"publish","type":"page","link":"https:\/\/www.rioverde.go.gov.br\/amt\/procedimento-para-adesao-ao-sistema-de-notificacao-eletronica\/","title":{"rendered":"Procedimento para ades\u00e3o ao Sistema de Notifica\u00e7\u00e3o Eletr\u00f4nica \u2013 SNE"},"content":{"rendered":"\n<h4 class=\"wp-block-heading\">Procedimento para ades\u00e3o ao Sistema de Notifica\u00e7\u00e3o Eletr\u00f4nica \u2013 Pessoa F\u00edsica e Jur\u00eddica<\/h4>\n\n\n\n<div style=\"margin:20px;\"><\/div>\n\n\n\n<div class=\"wp-block-columns is-layout-flex wp-container-core-columns-is-layout-28f84493 wp-block-columns-is-layout-flex\">\n<div class=\"wp-block-column is-vertically-aligned-top is-layout-flow wp-block-column-is-layout-flow\">\n<div class=\"wp-block-buttons aligncenter is-layout-flex wp-block-buttons-is-layout-flex\">\n<div class=\"wp-block-button is-style-fill\"><a class=\"wp-block-button__link has-text-color has-very-light-gray-color has-background has-light-green-cyan-to-vivid-green-cyan-gradient-background\" href=\"https:\/\/www.rioverde.go.gov.br\/amt\/procedimento-para-adesao-ao-sistema-de-notificacao-eletronica\/procedimento-para-adesao-ao-sistema-de-notificacao-eletronica-para-pessoa-fisica\" style=\"border-radius:3px\" target=\"_blank\" rel=\"noreferrer noopener\">SNE &#8211; PESSOA F\u00cdSICA<\/a><\/div>\n<\/div>\n<\/div>\n\n\n\n<div class=\"wp-block-column is-vertically-aligned-bottom is-layout-flow wp-block-column-is-layout-flow\">\n<div class=\"wp-block-buttons aligncenter is-layout-flex wp-block-buttons-is-layout-flex\">\n<div class=\"wp-block-button\"><a class=\"wp-block-button__link has-text-color has-very-light-gray-color has-background\" href=\"https:\/\/www.rioverde.go.gov.br\/amt\/procedimento-para-adesao-ao-sistema-de-notificacao-eletronica\/procedimento-para-adesao-ao-sistema-de-notificacao-eletronica-para-pessoa-juridica\/\" style=\"background:linear-gradient(270deg,rgb(122,220,180) 0%,rgb(0,208,130) 100%);border-radius:3px\" target=\"_blank\" rel=\"noreferrer noopener\">SNE &#8211; PESSOA JUR\u00cdDICA<\/a><\/div>\n<\/div>\n\n\n\n<p><\/p>\n<\/div>\n<\/div>\n\n\n\n<p><\/p>\n","protected":false},"excerpt":{"rendered":"","protected":false},"author":3,"featured_media":0,"parent":0,"menu_order":0,"comment_status":"closed","ping_status":"closed","template":"","meta":{"_acf_changed":false,"custom_icon_class":"","footnotes":""},"class_list":["post-142","page","type-page","status-publish","hentry"],"acf":[],"custom_icon_class":false,"tax_custom_icon_class":false,"default_custom_icon_class":"nmi-round-wysiwyg","singularTaxonomy":"P\u00e1gina","_links":{"self":[{"href":"https:\/\/www.rioverde.go.gov.br\/amt\/wp-json\/wp\/v2\/pages\/142","targetHints":{"allow":["GET"]}}],"collection":[{"href":"https:\/\/www.rioverde.go.gov.br\/amt\/wp-json\/wp\/v2\/pages"}],"about":[{"href":"https:\/\/www.rioverde.go.gov.br\/amt\/wp-json\/wp\/v2\/types\/page"}],"author":[{"embeddable":true,"href":"https:\/\/www.rioverde.go.gov.br\/amt\/wp-json\/wp\/v2\/users\/3"}],"replies":[{"embeddable":true,"href":"https:\/\/www.rioverde.go.gov.br\/amt\/wp-json\/wp\/v2\/comments?post=142"}],"version-history":[{"count":25,"href":"https:\/\/www.rioverde.go.gov.br\/amt\/wp-json\/wp\/v2\/pages\/142\/revisions"}],"predecessor-version":[{"id":189,"href":"https:\/\/www.rioverde.go.gov.br\/amt\/wp-json\/wp\/v2\/pages\/142\/revisions\/189"}],"wp:attachment":[{"href":"https:\/\/www.rioverde.go.gov.br\/amt\/wp-json\/wp\/v2\/media?parent=142"}],"curies":[{"name":"wp","href":"https:\/\/api.w.org\/{rel}","templated":true}]}}